{"id":6084,"date":"2024-10-25T12:28:01","date_gmt":"2024-10-25T10:28:01","guid":{"rendered":"https:\/\/royalbeveragesgroup.com\/?page_id=6084"},"modified":"2025-06-25T12:16:39","modified_gmt":"2025-06-25T10:16:39","slug":"over-ons","status":"publish","type":"page","link":"https:\/\/royalbeveragesgroup.com\/en\/over-ons\/","title":{"rendered":"About us"},"content":{"rendered":"\t\t<div data-elementor-type=\"wp-page\" data-elementor-id=\"6084\" class=\"elementor elementor-6084\" data-elementor-post-type=\"page\">\n\t\t\t\t<div class=\"wd-negative-gap elementor-element elementor-element-82865a9 wd-section-stretch e-flex e-con-boxed e-con e-parent\" data-id=\"82865a9\" data-element_type=\"container\" data-e-type=\"container\">\n\t\t\t\t\t<div class=\"e-con-inner\">\n\t\t<div class=\"elementor-element elementor-element-80092c5 e-con-full e-flex e-con e-child\" data-id=\"80092c5\" data-element_type=\"container\" data-e-type=\"container\">\n\t\t\t\t<div class=\"elementor-element elementor-element-1cfce9a elementor-widget__width-inherit elementor-widget elementor-widget-heading\" data-id=\"1cfce9a\" data-element_type=\"widget\" data-e-type=\"widget\" data-widget_type=\"heading.default\">\n\t\t\t\t\t<h2 class=\"elementor-heading-title elementor-size-default\">Royal Beverages Group<\/h2>\t\t\t\t<\/div>\n\t\t\t\t<div class=\"elementor-element elementor-element-b697bfc elementor-widget__width-inherit elementor-widget-divider--view-line elementor-widget elementor-widget-divider\" data-id=\"b697bfc\" data-element_type=\"widget\" data-e-type=\"widget\" data-widget_type=\"divider.default\">\n\t\t\t\t\t\t\t<div class=\"elementor-divider\">\n\t\t\t<span class=\"elementor-divider-separator\">\n\t\t\t\t\t\t<\/span>\n\t\t<\/div>\n\t\t\t\t\t\t<\/div>\n\t\t\t\t<div class=\"elementor-element elementor-element-9fc47a5 color-scheme-inherit text-left elementor-widget elementor-widget-text-editor\" data-id=\"9fc47a5\" data-element_type=\"widget\" data-e-type=\"widget\" data-widget_type=\"text-editor.default\">\n\t\t\t\t\t\t\t\t\t<p><span style=\"font-weight: 400;\">Royal Beverages Group is een toonaangevende internationale groothandel, gespecialiseerd in kwaliteitswijnen en premium gedistilleerde dranken wereldwijd. Onze kernactiviteiten richten zich op de exclusieve import, export en distributie van premium en luxe alcoholische dranken. <\/span><\/p><p><span style=\"font-weight: 400;\">Sinds 2012 zijn wij de offici\u00eble en exclusieve importeur van <strong>Ararat Brandy<\/strong> en hoogwaardige <strong>Armeense, Georgische <\/strong>en<strong> Libanese wijnen<\/strong>, naast een divers portfolio van gerenommeerde drankmerken. <\/span><\/p><p><span style=\"font-weight: 400;\">Als toegewijde merkbouwer legt Royal Beverages Group de nadruk op eerlijkheid en betrouwbaarheid, met als prioriteit het ontwikkelen van langdurige, positieve samenwerkingen met onze klanten.<\/span><\/p>\t\t\t\t\t\t\t\t<\/div>\n\t\t\t\t<\/div>\n\t\t\t\t<div class=\"elementor-element elementor-element-332e8d5 elementor-widget__width-inherit elementor-widget elementor-widget-image\" data-id=\"332e8d5\" data-element_type=\"widget\" data-e-type=\"widget\" data-widget_type=\"image.default\">\n\t\t\t\t\t\t\t\t\t\t\t\t\t\t\t<img decoding=\"async\" width=\"1920\" height=\"1357\" src=\"https:\/\/royalbeveragesgroup.com\/wp-content\/themes\/woodmart\/images\/lazy.svg\" data-src=\"https:\/\/royalbeveragesgroup.com\/wp-content\/uploads\/2024\/12\/Foto-bij-Over-ons-op-RBG.webp\" class=\" wd-lazy-fade attachment-large size-large wp-image-6242\" alt=\"Over ons\" srcset=\"\" data-srcset=\"https:\/\/royalbeveragesgroup.com\/wp-content\/uploads\/2024\/12\/Foto-bij-Over-ons-op-RBG.webp 1920w, https:\/\/royalbeveragesgroup.com\/wp-content\/uploads\/2024\/12\/Foto-bij-Over-ons-op-RBG-768x543.webp 768w, https:\/\/royalbeveragesgroup.com\/wp-content\/uploads\/2024\/12\/Foto-bij-Over-ons-op-RBG-1536x1086.webp 1536w, https:\/\/royalbeveragesgroup.com\/wp-content\/uploads\/2024\/12\/Foto-bij-Over-ons-op-RBG-18x12.webp 18w, https:\/\/royalbeveragesgroup.com\/wp-content\/uploads\/2024\/12\/Foto-bij-Over-ons-op-RBG-300x212.webp 300w, https:\/\/royalbeveragesgroup.com\/wp-content\/uploads\/2024\/12\/Foto-bij-Over-ons-op-RBG-600x424.webp 600w, https:\/\/royalbeveragesgroup.com\/wp-content\/uploads\/2024\/12\/Foto-bij-Over-ons-op-RBG-150x106.webp 150w\" sizes=\"(max-width: 1920px) 100vw, 1920px\" \/>\t\t\t\t\t\t\t\t\t\t\t\t\t\t\t<\/div>\n\t\t\t\t\t<\/div>\n\t\t\t\t<\/div>\n\t\t<div class=\"wd-negative-gap elementor-element elementor-element-b8e34cd wd-section-stretch e-flex e-con-boxed e-con e-parent\" data-id=\"b8e34cd\" data-element_type=\"container\" data-e-type=\"container\" data-settings=\"{&quot;background_background&quot;:&quot;classic&quot;}\">\n\t\t\t\t\t<div class=\"e-con-inner\">\n\t\t<div class=\"elementor-element elementor-element-8c59df9 e-con-full e-flex e-con e-child\" data-id=\"8c59df9\" data-element_type=\"container\" data-e-type=\"container\">\n\t\t\t\t<div class=\"elementor-element elementor-element-bb3eff7 elementor-widget__width-inherit elementor-widget elementor-widget-heading\" data-id=\"bb3eff7\" data-element_type=\"widget\" data-e-type=\"widget\" data-widget_type=\"heading.default\">\n\t\t\t\t\t<h3 class=\"elementor-heading-title elementor-size-default\">Wie wij zijn<\/h3>\t\t\t\t<\/div>\n\t\t\t\t<div class=\"elementor-element elementor-element-0929b1a color-scheme-inherit text-left elementor-widget elementor-widget-text-editor\" data-id=\"0929b1a\" data-element_type=\"widget\" data-e-type=\"widget\" data-widget_type=\"text-editor.default\">\n\t\t\t\t\t\t\t\t\t<p><span style=\"font-weight: 400;\">Royal Beverages Group, opgericht in 2010, is ontstaan uit een passie voor exclusieve dranken en kwaliteitswijnen uit minder bekende wijnregio\u2019s. Onze uitgebreide distributienetwerken hebben ons gepositioneerd als een leidende B2B-international die wereldwijd actief is in de import, export en distributie van exclusieve en hoogwaardige alcoholische dranken.<\/span><\/p><p><span style=\"font-weight: 400;\">We bieden trots een zorgvuldig geselecteerd assortiment van bijna 200 exclusieve producten, waaronder uitstekende wijnen uit verschillende landen zoals Armeni\u00eb, Tsjechi\u00eb, Georgi\u00eb, Libanon, Moldavi\u00eb, enzovoorts, samen met ultra-premium gedistilleerde dranken. <\/span><\/p><p><span style=\"font-weight: 400;\">Naast onze ge\u00efmporteerde merken fungeren we ook als groothandel voor een breed scala aan derde merken.<\/span><\/p><article class=\"group\/turn w-full text-token-text-primary focus-visible:outline-2 focus-visible:outline-offset-[-4px]\" dir=\"auto\" tabindex=\"-1\" data-testid=\"conversation-turn-8\" data-scroll-anchor=\"true\"><div class=\"text-base my-auto mx-auto py-[18px] px-6\"><div class=\"mx-auto flex flex-1 text-base gap-4 md:gap-5 lg:gap-6 md:max-w-3xl\"><div class=\"group\/conversation-turn relative flex w-full min-w-0 flex-col agent-turn @xs\/thread:px-0 @sm\/thread:px-1.5 @md\/thread:px-4\"><div class=\"flex-col gap-1 md:gap-3\"><div class=\"flex max-w-full flex-col flex-grow\"><div class=\"min-h-8 text-message relative flex w-full flex-col items-end gap-2 whitespace-normal break-words text-start [.text-message+&amp;]:mt-5\" dir=\"auto\" data-message-author-role=\"assistant\" data-message-id=\"7acc34d0-a534-4dea-95db-410c556c76fb\" data-message-model-slug=\"gpt-4o-mini\"><div class=\"flex w-full flex-col gap-1 empty:hidden first:pt-[3px]\"><div class=\"markdown prose w-full break-words dark:prose-invert light\"><p data-start=\"0\" data-end=\"197\" data-is-last-node=\"\" data-is-only-node=\"\">Bovendien is Royal Beverages Group de exclusieve en offici\u00eble importeur van de <strong>Blue Sail Ultra Premium Vodka<\/strong>, geproduceerd in de prestigieuze Cognac-regio in Frankrijk, met wereldwijde distributie.<\/p><\/div><\/div><\/div><\/div><\/div><\/div><\/div><\/div><\/article>\t\t\t\t\t\t\t\t<\/div>\n\t\t\t\t<\/div>\n\t\t<div class=\"elementor-element elementor-element-5b93c2c e-con-full e-flex e-con e-child\" data-id=\"5b93c2c\" data-element_type=\"container\" data-e-type=\"container\">\n\t\t\t\t<div class=\"elementor-element elementor-element-558cd9d elementor-widget__width-inherit elementor-widget elementor-widget-heading\" data-id=\"558cd9d\" data-element_type=\"widget\" data-e-type=\"widget\" data-widget_type=\"heading.default\">\n\t\t\t\t\t<h3 class=\"elementor-heading-title elementor-size-default\">Professioneel advies<\/h3>\t\t\t\t<\/div>\n\t\t\t\t<div class=\"elementor-element elementor-element-aabdab4 color-scheme-inherit text-left elementor-widget elementor-widget-text-editor\" data-id=\"aabdab4\" data-element_type=\"widget\" data-e-type=\"widget\" data-widget_type=\"text-editor.default\">\n\t\t\t\t\t\t\t\t\t<p><span style=\"font-weight: 400;\">Onze toewijding aan onze partners gaat verder dan alleen productlevering en merkopbouw. Ons team van wijnexperts en drankspecialisten werkt nauw samen met groothandels, restaurants en horecaklanten om op maat gemaakte wijnkaarten en samengestelde assortimenten te cre\u00ebren die hun aanbod verbeteren. We organiseren ook regelmatig proeverijen en trainingssessies, waarmee we onze partners de expertise bieden die ze nodig hebben om uit te blinken in de concurrerende drankenmarkt.<\/span><\/p>\t\t\t\t\t\t\t\t<\/div>\n\t\t\t\t<div class=\"elementor-element elementor-element-8265a3f elementor-widget elementor-widget-wd_button\" data-id=\"8265a3f\" data-element_type=\"widget\" data-e-type=\"widget\" data-widget_type=\"wd_button.default\">\n\t\t\t\t<div class=\"elementor-widget-container\">\n\t\t\t\t\t\t\t<div class=\"wd-button-wrapper text-left\" >\n\t\t\t<a class=\"btn btn-style-default btn-shape-round btn-size-default btn-color-alt btn-icon-pos-right\"  href=\"\/contact\">\n\t\t\t\t<span class=\"wd-btn-text\" data-elementor-setting-key=\"text\">\n\t\t\t\t\tNeem contact op\t\t\t\t<\/span>\n\n\t\t\t\t\t\t\t\t\t<span class=\"wd-btn-icon\">\n\t\t\t\t\t\t<svg class=\"wd-icon e-font-icon-svg e-fas-angle-right\" viewBox=\"0 0 256 512\" xmlns=\"http:\/\/www.w3.org\/2000\/svg\"><path d=\"M224.3 273l-136 136c-9.4 9.4-24.6 9.4-33.9 0l-22.6-22.6c-9.4-9.4-9.4-24.6 0-33.9l96.4-96.4-96.4-96.4c-9.4-9.4-9.4-24.6 0-33.9L54.3 103c9.4-9.4 24.6-9.4 33.9 0l136 136c9.5 9.4 9.5 24.6.1 34z\"><\/path><\/svg>\t\t\t\t\t<\/span>\n\t\t\t\t\t\t\t<\/a>\n\t\t<\/div>\n\t\t\t\t\t\t<\/div>\n\t\t\t\t<\/div>\n\t\t\t\t<\/div>\n\t\t\t\t\t<\/div>\n\t\t\t\t<\/div>\n\t\t<div class=\"wd-negative-gap elementor-element elementor-element-bfbe079 wd-section-stretch e-flex e-con-boxed e-con e-parent\" data-id=\"bfbe079\" data-element_type=\"container\" data-e-type=\"container\">\n\t\t\t\t\t<div class=\"e-con-inner\">\n\t\t<div class=\"elementor-element elementor-element-f223fb1 e-con-full e-flex e-con e-child\" data-id=\"f223fb1\" data-element_type=\"container\" data-e-type=\"container\">\n\t\t\t\t<div class=\"elementor-element elementor-element-d275a13 elementor-widget__width-inherit elementor-widget elementor-widget-heading\" data-id=\"d275a13\" data-element_type=\"widget\" data-e-type=\"widget\" data-widget_type=\"heading.default\">\n\t\t\t\t\t<h2 class=\"elementor-heading-title elementor-size-default\">Onze klanten &amp; logistiek<\/h2>\t\t\t\t<\/div>\n\t\t\t\t<div class=\"elementor-element elementor-element-6dbea69 elementor-widget__width-inherit elementor-widget-divider--view-line elementor-widget elementor-widget-divider\" data-id=\"6dbea69\" data-element_type=\"widget\" data-e-type=\"widget\" data-widget_type=\"divider.default\">\n\t\t\t\t\t\t\t<div class=\"elementor-divider\">\n\t\t\t<span class=\"elementor-divider-separator\">\n\t\t\t\t\t\t<\/span>\n\t\t<\/div>\n\t\t\t\t\t\t<\/div>\n\t\t\t\t<div class=\"elementor-element elementor-element-56080dd color-scheme-inherit text-left elementor-widget elementor-widget-text-editor\" data-id=\"56080dd\" data-element_type=\"widget\" data-e-type=\"widget\" data-widget_type=\"text-editor.default\">\n\t\t\t\t\t\t\t\t\t<p><span style=\"font-weight: 400;\">Wij bedienen een diverse klantenkring, waaronder groothandels, horecaondernemingen, cateringbedrijven, supermarkten, slijterijen, wijnboetieks en speciaalzaken wereldwijd. We zetten ons in voor het bevorderen van langdurige relaties met onze klanten en zorgen voor hun voortdurende groei en succes.<\/span><\/p><p><span style=\"font-weight: 400;\">Wij werken samen met gerenommeerde onafhankelijke magazijnen in Nederland voor de opslag en export van onze producten. We beschikken over grote magazijnen in Amsterdam, Rotterdam (beide accijnsvrij) en Bunschoten-Spakenburg. Onze ervaren transporteurs zorgen ervoor dat elke zending zorgvuldig wordt behandeld, zodat de kwaliteit en integriteit van onze producten gewaarborgd blijven.<\/span><\/p>\t\t\t\t\t\t\t\t<\/div>\n\t\t\t\t<div class=\"elementor-element elementor-element-a89562f elementor-widget elementor-widget-wd_button\" data-id=\"a89562f\" data-element_type=\"widget\" data-e-type=\"widget\" data-widget_type=\"wd_button.default\">\n\t\t\t\t<div class=\"elementor-widget-container\">\n\t\t\t\t\t\t\t<div class=\"wd-button-wrapper text-left\" >\n\t\t\t<a class=\"btn btn-style-default btn-shape-round btn-size-default btn-color-alt btn-icon-pos-right\"  href=\"\/contact\">\n\t\t\t\t<span class=\"wd-btn-text\" data-elementor-setting-key=\"text\">\n\t\t\t\t\tNeem contact op\t\t\t\t<\/span>\n\n\t\t\t\t\t\t\t\t\t<span class=\"wd-btn-icon\">\n\t\t\t\t\t\t<svg class=\"wd-icon e-font-icon-svg e-fas-angle-right\" viewBox=\"0 0 256 512\" xmlns=\"http:\/\/www.w3.org\/2000\/svg\"><path d=\"M224.3 273l-136 136c-9.4 9.4-24.6 9.4-33.9 0l-22.6-22.6c-9.4-9.4-9.4-24.6 0-33.9l96.4-96.4-96.4-96.4c-9.4-9.4-9.4-24.6 0-33.9L54.3 103c9.4-9.4 24.6-9.4 33.9 0l136 136c9.5 9.4 9.5 24.6.1 34z\"><\/path><\/svg>\t\t\t\t\t<\/span>\n\t\t\t\t\t\t\t<\/a>\n\t\t<\/div>\n\t\t\t\t\t\t<\/div>\n\t\t\t\t<\/div>\n\t\t\t\t<\/div>\n\t\t\t\t<div class=\"elementor-element elementor-element-e0caefb elementor-widget__width-inherit elementor-widget elementor-widget-image\" data-id=\"e0caefb\" data-element_type=\"widget\" data-e-type=\"widget\" data-widget_type=\"image.default\">\n\t\t\t\t\t\t\t\t\t\t\t\t\t\t\t<img decoding=\"async\" width=\"1024\" height=\"578\" src=\"https:\/\/royalbeveragesgroup.com\/wp-content\/themes\/woodmart\/images\/lazy.svg\" data-src=\"https:\/\/royalbeveragesgroup.com\/wp-content\/uploads\/2020\/02\/BARRELS-1024x578.jpg\" class=\" wd-lazy-fade attachment-large size-large wp-image-1939\" alt=\"BARRELS\" srcset=\"\" data-srcset=\"https:\/\/royalbeveragesgroup.com\/wp-content\/uploads\/2020\/02\/BARRELS-1024x578.jpg 1024w, https:\/\/royalbeveragesgroup.com\/wp-content\/uploads\/2020\/02\/BARRELS-300x169.jpg 300w, https:\/\/royalbeveragesgroup.com\/wp-content\/uploads\/2020\/02\/BARRELS-150x85.jpg 150w, https:\/\/royalbeveragesgroup.com\/wp-content\/uploads\/2020\/02\/BARRELS-600x338.jpg 600w, https:\/\/royalbeveragesgroup.com\/wp-content\/uploads\/2020\/02\/BARRELS-1536x866.jpg 1536w, https:\/\/royalbeveragesgroup.com\/wp-content\/uploads\/2020\/02\/BARRELS.jpg 1950w\" sizes=\"(max-width: 1024px) 100vw, 1024px\" \/>\t\t\t\t\t\t\t\t\t\t\t\t\t\t\t<\/div>\n\t\t\t\t\t<\/div>\n\t\t\t\t<\/div>\n\t\t\t\t<\/div>\n\t\t","protected":false},"excerpt":{"rendered":"<p>Royal Beverages Group Royal Beverages Group is een toonaangevende internationale groothandel, gespecialiseerd in kwaliteitswijnen en premium gedistilleerde dranken wereldwijd. Onze<\/p>","protected":false},"author":84,"featured_media":0,"parent":0,"menu_order":0,"comment_status":"closed","ping_status":"closed","template":"elementor_header_footer","meta":{"_acf_changed":false,"footnotes":""},"class_list":["post-6084","page","type-page","status-publish","hentry"],"acf":[],"yoast_head":"<!-- This site is optimized with the Yoast SEO plugin v27.5 - https:\/\/yoast.com\/product\/yoast-seo-wordpress\/ -->\n<title>Over ons - Ontdek het assortiment van Royal Beverages Group<\/title>\n<meta name=\"description\" content=\"De vinologen en Liquoristen\u00a0van Royal Beverages Group denken met u mee bij het opstellen van uw assortiment dmv een proeverij en advies.\" \/>\n<meta name=\"robots\" content=\"index, follow, max-snippet:-1, max-image-preview:large, max-video-preview:-1\" \/>\n<link rel=\"canonical\" href=\"https:\/\/royalbeveragesgroup.com\/en\/over-ons\/\" \/>\n<meta property=\"og:locale\" content=\"en_GB\" \/>\n<meta property=\"og:type\" content=\"article\" \/>\n<meta property=\"og:title\" content=\"Over ons - Ontdek het assortiment van Royal Beverages Group\" \/>\n<meta property=\"og:description\" content=\"De vinologen en Liquoristen\u00a0van Royal Beverages Group denken met u mee bij het opstellen van uw assortiment dmv een proeverij en advies.\" \/>\n<meta property=\"og:url\" content=\"https:\/\/royalbeveragesgroup.com\/en\/over-ons\/\" \/>\n<meta property=\"og:site_name\" content=\"Royal Beverages Group\" \/>\n<meta property=\"article:modified_time\" content=\"2025-06-25T10:16:39+00:00\" \/>\n<meta property=\"og:image\" content=\"https:\/\/royalbeveragesgroup.com\/wp-content\/uploads\/2024\/12\/Foto-bij-Over-ons-op-RBG.webp\" \/>\n\t<meta property=\"og:image:width\" content=\"1920\" \/>\n\t<meta property=\"og:image:height\" content=\"1357\" \/>\n\t<meta property=\"og:image:type\" content=\"image\/webp\" \/>\n<meta name=\"twitter:card\" content=\"summary_large_image\" \/>\n<meta name=\"twitter:label1\" content=\"Estimated reading time\" \/>\n\t<meta name=\"twitter:data1\" content=\"1 minute\" \/>\n<script type=\"application\/ld+json\" class=\"yoast-schema-graph\">{\"@context\":\"https:\\\/\\\/schema.org\",\"@graph\":[{\"@type\":\"WebPage\",\"@id\":\"https:\\\/\\\/royalbeveragesgroup.com\\\/over-ons\\\/\",\"url\":\"https:\\\/\\\/royalbeveragesgroup.com\\\/over-ons\\\/\",\"name\":\"Over ons - Ontdek het assortiment van Royal Beverages Group\",\"isPartOf\":{\"@id\":\"https:\\\/\\\/royalbeveragesgroup.com\\\/#website\"},\"primaryImageOfPage\":{\"@id\":\"https:\\\/\\\/royalbeveragesgroup.com\\\/over-ons\\\/#primaryimage\"},\"image\":{\"@id\":\"https:\\\/\\\/royalbeveragesgroup.com\\\/over-ons\\\/#primaryimage\"},\"thumbnailUrl\":\"https:\\\/\\\/royalbeveragesgroup.com\\\/wp-content\\\/uploads\\\/2024\\\/12\\\/Foto-bij-Over-ons-op-RBG.webp\",\"datePublished\":\"2024-10-25T10:28:01+00:00\",\"dateModified\":\"2025-06-25T10:16:39+00:00\",\"description\":\"De vinologen en Liquoristen\u00a0van Royal Beverages Group denken met u mee bij het opstellen van uw assortiment dmv een proeverij en advies.\",\"breadcrumb\":{\"@id\":\"https:\\\/\\\/royalbeveragesgroup.com\\\/over-ons\\\/#breadcrumb\"},\"inLanguage\":\"en-GB\",\"potentialAction\":[{\"@type\":\"ReadAction\",\"target\":[\"https:\\\/\\\/royalbeveragesgroup.com\\\/over-ons\\\/\"]}]},{\"@type\":\"ImageObject\",\"inLanguage\":\"en-GB\",\"@id\":\"https:\\\/\\\/royalbeveragesgroup.com\\\/over-ons\\\/#primaryimage\",\"url\":\"https:\\\/\\\/royalbeveragesgroup.com\\\/wp-content\\\/uploads\\\/2024\\\/12\\\/Foto-bij-Over-ons-op-RBG.webp\",\"contentUrl\":\"https:\\\/\\\/royalbeveragesgroup.com\\\/wp-content\\\/uploads\\\/2024\\\/12\\\/Foto-bij-Over-ons-op-RBG.webp\"},{\"@type\":\"BreadcrumbList\",\"@id\":\"https:\\\/\\\/royalbeveragesgroup.com\\\/over-ons\\\/#breadcrumb\",\"itemListElement\":[{\"@type\":\"ListItem\",\"position\":1,\"name\":\"Home\",\"item\":\"https:\\\/\\\/royalbeveragesgroup.com\\\/\"},{\"@type\":\"ListItem\",\"position\":2,\"name\":\"Over ons\"}]},{\"@type\":\"WebSite\",\"@id\":\"https:\\\/\\\/royalbeveragesgroup.com\\\/#website\",\"url\":\"https:\\\/\\\/royalbeveragesgroup.com\\\/\",\"name\":\"Royal Beverages Group\",\"description\":\"\",\"potentialAction\":[{\"@type\":\"SearchAction\",\"target\":{\"@type\":\"EntryPoint\",\"urlTemplate\":\"https:\\\/\\\/royalbeveragesgroup.com\\\/?s={search_term_string}\"},\"query-input\":{\"@type\":\"PropertyValueSpecification\",\"valueRequired\":true,\"valueName\":\"search_term_string\"}}],\"inLanguage\":\"en-GB\"}]}<\/script>\n<!-- \/ Yoast SEO plugin. -->","yoast_head_json":{"title":"Over ons - Ontdek het assortiment van Royal Beverages Group","description":"De vinologen en Liquoristen\u00a0van Royal Beverages Group denken met u mee bij het opstellen van uw assortiment dmv een proeverij en advies.","robots":{"index":"index","follow":"follow","max-snippet":"max-snippet:-1","max-image-preview":"max-image-preview:large","max-video-preview":"max-video-preview:-1"},"canonical":"https:\/\/royalbeveragesgroup.com\/en\/over-ons\/","og_locale":"en_GB","og_type":"article","og_title":"Over ons - Ontdek het assortiment van Royal Beverages Group","og_description":"De vinologen en Liquoristen\u00a0van Royal Beverages Group denken met u mee bij het opstellen van uw assortiment dmv een proeverij en advies.","og_url":"https:\/\/royalbeveragesgroup.com\/en\/over-ons\/","og_site_name":"Royal Beverages Group","article_modified_time":"2025-06-25T10:16:39+00:00","og_image":[{"width":1920,"height":1357,"url":"https:\/\/royalbeveragesgroup.com\/wp-content\/uploads\/2024\/12\/Foto-bij-Over-ons-op-RBG.webp","type":"image\/webp"}],"twitter_card":"summary_large_image","twitter_misc":{"Estimated reading time":"1 minute"},"schema":{"@context":"https:\/\/schema.org","@graph":[{"@type":"WebPage","@id":"https:\/\/royalbeveragesgroup.com\/over-ons\/","url":"https:\/\/royalbeveragesgroup.com\/over-ons\/","name":"Over ons - Ontdek het assortiment van Royal Beverages Group","isPartOf":{"@id":"https:\/\/royalbeveragesgroup.com\/#website"},"primaryImageOfPage":{"@id":"https:\/\/royalbeveragesgroup.com\/over-ons\/#primaryimage"},"image":{"@id":"https:\/\/royalbeveragesgroup.com\/over-ons\/#primaryimage"},"thumbnailUrl":"https:\/\/royalbeveragesgroup.com\/wp-content\/uploads\/2024\/12\/Foto-bij-Over-ons-op-RBG.webp","datePublished":"2024-10-25T10:28:01+00:00","dateModified":"2025-06-25T10:16:39+00:00","description":"De vinologen en Liquoristen\u00a0van Royal Beverages Group denken met u mee bij het opstellen van uw assortiment dmv een proeverij en advies.","breadcrumb":{"@id":"https:\/\/royalbeveragesgroup.com\/over-ons\/#breadcrumb"},"inLanguage":"en-GB","potentialAction":[{"@type":"ReadAction","target":["https:\/\/royalbeveragesgroup.com\/over-ons\/"]}]},{"@type":"ImageObject","inLanguage":"en-GB","@id":"https:\/\/royalbeveragesgroup.com\/over-ons\/#primaryimage","url":"https:\/\/royalbeveragesgroup.com\/wp-content\/uploads\/2024\/12\/Foto-bij-Over-ons-op-RBG.webp","contentUrl":"https:\/\/royalbeveragesgroup.com\/wp-content\/uploads\/2024\/12\/Foto-bij-Over-ons-op-RBG.webp"},{"@type":"BreadcrumbList","@id":"https:\/\/royalbeveragesgroup.com\/over-ons\/#breadcrumb","itemListElement":[{"@type":"ListItem","position":1,"name":"Home","item":"https:\/\/royalbeveragesgroup.com\/"},{"@type":"ListItem","position":2,"name":"Over ons"}]},{"@type":"WebSite","@id":"https:\/\/royalbeveragesgroup.com\/#website","url":"https:\/\/royalbeveragesgroup.com\/","name":"Royal Beverages Group","description":"","potentialAction":[{"@type":"SearchAction","target":{"@type":"EntryPoint","urlTemplate":"https:\/\/royalbeveragesgroup.com\/?s={search_term_string}"},"query-input":{"@type":"PropertyValueSpecification","valueRequired":true,"valueName":"search_term_string"}}],"inLanguage":"en-GB"}]}},"_links":{"self":[{"href":"https:\/\/royalbeveragesgroup.com\/en\/wp-json\/wp\/v2\/pages\/6084","targetHints":{"allow":["GET"]}}],"collection":[{"href":"https:\/\/royalbeveragesgroup.com\/en\/wp-json\/wp\/v2\/pages"}],"about":[{"href":"https:\/\/royalbeveragesgroup.com\/en\/wp-json\/wp\/v2\/types\/page"}],"author":[{"embeddable":true,"href":"https:\/\/royalbeveragesgroup.com\/en\/wp-json\/wp\/v2\/users\/84"}],"replies":[{"embeddable":true,"href":"https:\/\/royalbeveragesgroup.com\/en\/wp-json\/wp\/v2\/comments?post=6084"}],"version-history":[{"count":5,"href":"https:\/\/royalbeveragesgroup.com\/en\/wp-json\/wp\/v2\/pages\/6084\/revisions"}],"predecessor-version":[{"id":7041,"href":"https:\/\/royalbeveragesgroup.com\/en\/wp-json\/wp\/v2\/pages\/6084\/revisions\/7041"}],"wp:attachment":[{"href":"https:\/\/royalbeveragesgroup.com\/en\/wp-json\/wp\/v2\/media?parent=6084"}],"curies":[{"name":"wp","href":"https:\/\/api.w.org\/{rel}","templated":true}]}}